{"id":1806,"date":"2022-06-28T10:11:26","date_gmt":"2022-06-28T10:11:26","guid":{"rendered":"https:\/\/tulpenzee.nl\/vredes-vreugde\/"},"modified":"2022-06-28T10:28:50","modified_gmt":"2022-06-28T10:28:50","slug":"vredes-vreugde","status":"publish","type":"page","link":"https:\/\/tulpenzee.nl\/de\/vredes-vreugde\/","title":{"rendered":"Vredes Vreugde"},"content":{"rendered":"<p>Leider ist der Vredes Vreugde Campingplatz nicht mehr verf\u00fcgbar.<\/p>\n<p>Es wurde Platz f\u00fcr mehrere Bungalows geschaffen. Der neue Park hei\u00dft jetzt: Bungalowparck Tulp &amp; Zee.<\/p>\n<p><a href=\"https:\/\/tulpenzee.nl\/de\/bungalows\/\">Klicken Sie hier f\u00fcr die Bungalows<\/a><\/p>\n","protected":false},"excerpt":{"rendered":"<p>Leider ist der Vredes Vreugde Campingplatz nicht mehr verf\u00fcgbar. Es wurde Platz f\u00fcr mehrere Bungalows geschaffen. Der neue Park hei\u00dft jetzt: Bungalowparck Tulp &amp; Zee. Klicken Sie hier f\u00fcr die Bungalows<\/p>\n","protected":false},"author":1,"featured_media":0,"parent":0,"menu_order":0,"comment_status":"closed","ping_status":"closed","template":"","meta":{"_acf_changed":false,"footnotes":""},"class_list":["post-1806","page","type-page","status-publish","hentry"],"acf":[],"_links":{"self":[{"href":"https:\/\/tulpenzee.nl\/de\/wp-json\/wp\/v2\/pages\/1806"}],"collection":[{"href":"https:\/\/tulpenzee.nl\/de\/wp-json\/wp\/v2\/pages"}],"about":[{"href":"https:\/\/tulpenzee.nl\/de\/wp-json\/wp\/v2\/types\/page"}],"author":[{"embeddable":true,"href":"https:\/\/tulpenzee.nl\/de\/wp-json\/wp\/v2\/users\/1"}],"replies":[{"embeddable":true,"href":"https:\/\/tulpenzee.nl\/de\/wp-json\/wp\/v2\/comments?post=1806"}],"version-history":[{"count":2,"href":"https:\/\/tulpenzee.nl\/de\/wp-json\/wp\/v2\/pages\/1806\/revisions"}],"predecessor-version":[{"id":1808,"href":"https:\/\/tulpenzee.nl\/de\/wp-json\/wp\/v2\/pages\/1806\/revisions\/1808"}],"wp:attachment":[{"href":"https:\/\/tulpenzee.nl\/de\/wp-json\/wp\/v2\/media?parent=1806"}],"curies":[{"name":"wp","href":"https:\/\/api.w.org\/{rel}","templated":true}]}}