{"id":753,"date":"2020-12-14T08:54:10","date_gmt":"2020-12-14T08:54:10","guid":{"rendered":"https:\/\/tulpenzee.nl\/bungalows\/"},"modified":"2025-02-22T10:42:05","modified_gmt":"2025-02-22T10:42:05","slug":"bungalows","status":"publish","type":"page","link":"https:\/\/tulpenzee.nl\/de\/bungalows\/","title":{"rendered":"Bungalows"},"content":{"rendered":"<p>Die Bungalows im Bungalowpark Tulp &amp; Zee sind alle freistehend, ger\u00e4umig und komplett ausgestattet. <strong>Alle Bungalows in unserem Bungalowpark sind identisch. <\/strong>Sie verf\u00fcgen \u00fcber einen privaten Parkplatz neben dem Bungalow, eine private Terrasse, eine Veranda und einen gro\u00dfen Garten. Die Unterkunft ist zu jeder Jahreszeit komfortabel. In den Sommermonaten k\u00f6nnen Sie sch\u00f6n die T\u00fcren \u00f6ffnen und im Garten essen. In den Wintermonaten k\u00f6nnen Sie die Fu\u00dfbodenheizung in den Bungalows genie\u00dfen und den gro\u00dfz\u00fcgigen Sitzbereich intensiver nutzen. Der Bungalow ist zweist\u00f6ckig. Im ersten Stock befinden sich die K\u00fcche, die Sitzecke, der Esstisch, die Toilette, der Flur, der Trockner und die Waschmaschine. In der zweiten Etage befinden sich alle drei Schlafzimmer und das Badezimmer (Waschbecken, Dusche, Toilette).<\/p>\n","protected":false},"excerpt":{"rendered":"<p>Die Bungalows im Bungalowpark Tulp &amp; Zee sind alle freistehend, ger\u00e4umig und komplett ausgestattet. Alle Bungalows in unserem Bungalowpark sind identisch. Sie verf\u00fcgen \u00fcber einen privaten Parkplatz neben dem Bungalow, eine private Terrasse, eine Veranda und einen gro\u00dfen Garten. Die Unterkunft ist zu jeder Jahreszeit komfortabel. In den Sommermonaten k\u00f6nnen Sie sch\u00f6n die T\u00fcren \u00f6ffnen [&hellip;]<\/p>\n","protected":false},"author":1,"featured_media":4728,"parent":0,"menu_order":0,"comment_status":"closed","ping_status":"closed","template":"page-bungalows.php","meta":{"_acf_changed":false,"footnotes":""},"class_list":["post-753","page","type-page","status-publish","has-post-thumbnail","hentry"],"acf":[],"_links":{"self":[{"href":"https:\/\/tulpenzee.nl\/de\/wp-json\/wp\/v2\/pages\/753"}],"collection":[{"href":"https:\/\/tulpenzee.nl\/de\/wp-json\/wp\/v2\/pages"}],"about":[{"href":"https:\/\/tulpenzee.nl\/de\/wp-json\/wp\/v2\/types\/page"}],"author":[{"embeddable":true,"href":"https:\/\/tulpenzee.nl\/de\/wp-json\/wp\/v2\/users\/1"}],"replies":[{"embeddable":true,"href":"https:\/\/tulpenzee.nl\/de\/wp-json\/wp\/v2\/comments?post=753"}],"version-history":[{"count":11,"href":"https:\/\/tulpenzee.nl\/de\/wp-json\/wp\/v2\/pages\/753\/revisions"}],"predecessor-version":[{"id":5545,"href":"https:\/\/tulpenzee.nl\/de\/wp-json\/wp\/v2\/pages\/753\/revisions\/5545"}],"wp:featuredmedia":[{"embeddable":true,"href":"https:\/\/tulpenzee.nl\/de\/wp-json\/wp\/v2\/media\/4728"}],"wp:attachment":[{"href":"https:\/\/tulpenzee.nl\/de\/wp-json\/wp\/v2\/media?parent=753"}],"curies":[{"name":"wp","href":"https:\/\/api.w.org\/{rel}","templated":true}]}}