{"id":5109,"date":"2024-11-07T08:16:51","date_gmt":"2024-11-07T08:16:51","guid":{"rendered":"https:\/\/tulpenzee.nl\/?page_id=5109"},"modified":"2024-11-07T08:16:51","modified_gmt":"2024-11-07T08:16:51","slug":"merci-pour-votre-soumission","status":"publish","type":"page","link":"https:\/\/tulpenzee.nl\/fr\/merci-pour-votre-soumission\/","title":{"rendered":"Merci pour votre soumission !"},"content":{"rendered":"<p>Votre formulaire a \u00e9t\u00e9 soumis avec succ\u00e8s. Nous avons bien re\u00e7u vos informations et nous vous contacterons dans les plus brefs d\u00e9lais. En attendant, avez-vous des questions ? N&rsquo;h\u00e9sitez pas \u00e0 nous contacter.<\/p>\n","protected":false},"excerpt":{"rendered":"<p>Votre formulaire a \u00e9t\u00e9 soumis avec succ\u00e8s. Nous avons bien re\u00e7u vos informations et nous vous contacterons dans les plus brefs d\u00e9lais. En attendant, avez-vous des questions ? N&rsquo;h\u00e9sitez pas \u00e0 nous contacter.<\/p>\n","protected":false},"author":1,"featured_media":0,"parent":0,"menu_order":0,"comment_status":"closed","ping_status":"closed","template":"","meta":{"_acf_changed":false,"footnotes":""},"class_list":["post-5109","page","type-page","status-publish","hentry"],"acf":[],"_links":{"self":[{"href":"https:\/\/tulpenzee.nl\/fr\/wp-json\/wp\/v2\/pages\/5109"}],"collection":[{"href":"https:\/\/tulpenzee.nl\/fr\/wp-json\/wp\/v2\/pages"}],"about":[{"href":"https:\/\/tulpenzee.nl\/fr\/wp-json\/wp\/v2\/types\/page"}],"author":[{"embeddable":true,"href":"https:\/\/tulpenzee.nl\/fr\/wp-json\/wp\/v2\/users\/1"}],"replies":[{"embeddable":true,"href":"https:\/\/tulpenzee.nl\/fr\/wp-json\/wp\/v2\/comments?post=5109"}],"version-history":[{"count":1,"href":"https:\/\/tulpenzee.nl\/fr\/wp-json\/wp\/v2\/pages\/5109\/revisions"}],"predecessor-version":[{"id":5110,"href":"https:\/\/tulpenzee.nl\/fr\/wp-json\/wp\/v2\/pages\/5109\/revisions\/5110"}],"wp:attachment":[{"href":"https:\/\/tulpenzee.nl\/fr\/wp-json\/wp\/v2\/media?parent=5109"}],"curies":[{"name":"wp","href":"https:\/\/api.w.org\/{rel}","templated":true}]}}